{"id":130,"date":"2023-04-27T21:06:52","date_gmt":"2023-04-27T19:06:52","guid":{"rendered":"https:\/\/www.worldheritage.app\/home\/"},"modified":"2026-03-13T22:13:55","modified_gmt":"2026-03-13T21:13:55","slug":"home","status":"publish","type":"page","link":"https:\/\/www.worldheritage.app\/fr\/","title":{"rendered":"Accueil"},"content":{"rendered":"\n<div class=\"wp-block-cover alignfull is-light\" style=\"min-height:100vh;aspect-ratio:unset;\"><img loading=\"lazy\" decoding=\"async\" width=\"1200\" height=\"800\" class=\"wp-block-cover__image-background wp-image-31\" alt=\"World Heritage app - Machu Picchu\" src=\"https:\/\/www.worldheritage.app\/wp-content\/uploads\/machu_picchu_peru.jpg\" data-object-fit=\"cover\" srcset=\"https:\/\/www.worldheritage.app\/wp-content\/uploads\/machu_picchu_peru.jpg 1200w, https:\/\/www.worldheritage.app\/wp-content\/uploads\/machu_picchu_peru-300x200.jpg 300w, https:\/\/www.worldheritage.app\/wp-content\/uploads\/machu_picchu_peru-1024x683.jpg 1024w, https:\/\/www.worldheritage.app\/wp-content\/uploads\/machu_picchu_peru-768x512.jpg 768w\" sizes=\"auto, (max-width: 1200px) 100vw, 1200px\" \/><span aria-hidden=\"true\" class=\"wp-block-cover__background has-ast-global-color-3-background-color has-background-dim\"><\/span><div class=\"wp-block-cover__inner-container is-layout-flow wp-block-cover-is-layout-flow\">\n<h1 class=\"wp-block-heading has-text-align-center has-ast-global-color-5-color has-text-color has-link-color wp-elements-dc1ee43ca2869ce2af1c47db0682c9cf\" id=\"block-fee75e22-bec1-4aff-be2b-4d2c6dda8fc7\" style=\"font-size:52px\">World Heritage &#8211; Liste UNESCO<\/h1>\n\n\n\n<h3 class=\"wp-block-heading has-text-align-center has-ast-global-color-5-color has-text-color has-link-color wp-elements-e8659e07678a0a7102760501196d2920\">Application Mobile pour iOS et Android<\/h3>\n<\/div><\/div>\n\n<div class=\"wp-block-group alignfull is-layout-constrained wp-container-core-group-is-layout-aa82aeac wp-block-group-is-layout-constrained\" id=\"features\" style=\"padding-top:44px;padding-bottom:0px\">\n<h2 class=\"wp-block-heading\">Fonctionnalit\u00e9s de l&rsquo;App<\/h2>\n\n\n\n<p>D\u00e9couvrez l\u2019ensemble des 1248 sites culturels et naturels inscrits au patrimoine mondial de l\u2019Unesco, dont ceux inscrits en juillet 2025.<\/p>\n\n\n\n<h3 class=\"wp-block-heading has-text-align-center\">Application mobile gratuite pour t\u00e9l\u00e9phone et tablette<\/h3>\n\n\n\n<div class=\"inherit-container-width wp-block-group is-layout-constrained wp-container-core-group-is-layout-a6cabc64 wp-block-group-is-layout-constrained\" style=\"margin-top:40px;margin-bottom:40px;padding-top:0;padding-right:0;padding-bottom:0;padding-left:0\">\n<div class=\"wp-block-columns is-layout-flex wp-container-core-columns-is-layout-28f84493 wp-block-columns-is-layout-flex\">\n<div class=\"wp-block-column is-layout-flow wp-block-column-is-layout-flow\" style=\"flex-basis:50%\">\n<h3 class=\"wp-block-heading has-text-align-center\">Disponible pour iPhone, iPad<\/h3>\n\n\n\n<figure class=\"wp-block-image aligncenter size-full is-resized\"><a href=\"https:\/\/itunes.apple.com\/app\/apple-store\/id1056312221?pt=2067642&amp;ct=whWeb&amp;mt=8\"><img loading=\"lazy\" decoding=\"async\" width=\"270\" height=\"80\" src=\"https:\/\/www.worldheritage.app\/wp-content\/uploads\/download_appstore.jpg\" alt=\"T&#xE9;l&#xE9;charger sur l'App Store\" class=\"wp-image-46\" style=\"width:135px;height:40px\"\/><\/a><\/figure>\n<\/div>\n\n\n\n<div class=\"wp-block-column is-layout-flow wp-block-column-is-layout-flow\" style=\"flex-basis:50%\">\n<h3 class=\"wp-block-heading has-text-align-center\">Disponible pour t\u00e9l\u00e9phones et tablettes Android<\/h3>\n\n\n\n<figure class=\"wp-block-image aligncenter size-full is-resized\"><a href=\"https:\/\/play.google.com\/store\/apps\/details?id=com.appworldheritage.worldheritage&amp;utm_source=appwh.com&amp;utm_campaign=badge&amp;pcampaignid=MKT-Other-global-all-co-prtnr-py-PartBadge-Mar2515-1\"><img loading=\"lazy\" decoding=\"async\" width=\"566\" height=\"170\" src=\"https:\/\/www.worldheritage.app\/wp-content\/uploads\/android_badge_english.png\" alt=\"Disponible sur Google Play\" class=\"wp-image-49\" style=\"width:135px;height:40px\" srcset=\"https:\/\/www.worldheritage.app\/wp-content\/uploads\/android_badge_english.png 566w, https:\/\/www.worldheritage.app\/wp-content\/uploads\/android_badge_english-300x90.png 300w\" sizes=\"auto, (max-width: 566px) 100vw, 566px\" \/><\/a><\/figure>\n<\/div>\n<\/div>\n<\/div>\n\n\n\n<div class=\"wp-block-columns is-layout-flex wp-container-core-columns-is-layout-29aadeec wp-block-columns-is-layout-flex\" style=\"margin-top:60px\">\n<div class=\"wp-block-column is-vertically-aligned-top is-layout-flow wp-container-core-column-is-layout-6b73ce23 wp-block-column-is-layout-flow\">\n<figure class=\"wp-block-image aligncenter size-full is-resized\"><img loading=\"lazy\" decoding=\"async\" width=\"96\" height=\"96\" src=\"https:\/\/www.worldheritage.app\/wp-content\/uploads\/list.png\" alt=\"Liste\" class=\"wp-image-41\" style=\"width:72px;height:72px\"\/><\/figure>\n\n\n\n<h3 class=\"wp-block-heading has-text-align-center\" style=\"margin-top:16px\">La Liste<\/h3>\n\n\n\n<p>D\u00e9couvrez la liste du Patrimoine Mondial de l&rsquo;UNESCO :<\/p>\n\n\n\n<ul class=\"wp-block-list\">\n<li>Par \u00e9tat partie, ann\u00e9e d&rsquo;inscription, crit\u00e8re, r\u00e9gion<\/li>\n\n\n\n<li>Sites en p\u00e9ril<\/li>\n\n\n\n<li>Liste indicative<\/li>\n\n\n\n<li>Sites d\u00e9list\u00e9s<\/li>\n<\/ul>\n\n\n\n<p>Information sur chaque site<\/p>\n\n\n\n<p>Lieux pour les sites \u00e0 localisations multiples<\/p>\n<\/div>\n\n\n\n<div class=\"wp-block-column is-vertically-aligned-top is-layout-flow wp-container-core-column-is-layout-6b73ce23 wp-block-column-is-layout-flow\">\n<figure class=\"wp-block-image aligncenter size-full is-resized\"><img loading=\"lazy\" decoding=\"async\" width=\"96\" height=\"96\" src=\"https:\/\/www.worldheritage.app\/wp-content\/uploads\/navigate.png\" alt=\"A proximit&#xE9;Nearby\" class=\"wp-image-42\" style=\"width:72px;height:72px\"\/><\/figure>\n\n\n\n<h3 class=\"wp-block-heading has-text-align-center\" style=\"margin-top:16px\">Carte et sites \u00e0 proximit\u00e9<\/h3>\n\n\n\n<p>D\u00e9couvrez tous les sites du patrimoine mondial de l&rsquo;UNESCO et leurs localisations sur la carte du monde.<\/p>\n\n\n\n<p>D\u00e9couvrez les sites class\u00e9s au patrimoine mondial et les lieux \u00e0 proximit\u00e9<\/p>\n\n\n\n<p>Consultez les lieux de la liste indicative \u00e0 proximit\u00e9<\/p>\n<\/div>\n\n\n\n<div class=\"wp-block-column is-vertically-aligned-top is-layout-flow wp-container-core-column-is-layout-6b73ce23 wp-block-column-is-layout-flow\">\n<figure class=\"wp-block-image aligncenter size-full is-resized\"><img loading=\"lazy\" decoding=\"async\" width=\"96\" height=\"96\" src=\"https:\/\/www.worldheritage.app\/wp-content\/uploads\/checkmark.png\" alt=\"Suivre\" class=\"wp-image-43\" style=\"width:72px;height:72px\"\/><\/figure>\n\n\n\n<h3 class=\"wp-block-heading has-text-align-center\" style=\"margin-top:16px\">Listez vos sites<\/h3>\n\n\n\n<p>Listez tous les sites que vous avez visit\u00e9s<\/p>\n\n\n\n<p>Listez les sites que vous voulez visiter<\/p>\n\n\n\n<p>Obtenir des statistiques sur les sites que vous avez visit\u00e9s<\/p>\n<\/div>\n<\/div>\n\n\n\n<div class=\"wp-block-columns is-layout-flex wp-container-core-columns-is-layout-28f84493 wp-block-columns-is-layout-flex\">\n<div class=\"wp-block-column is-layout-flow wp-block-column-is-layout-flow\" style=\"flex-basis:25%\">\n<figure class=\"wp-block-image aligncenter size-large is-resized\"><img loading=\"lazy\" decoding=\"async\" width=\"472\" height=\"1024\" src=\"https:\/\/www.worldheritage.app\/wp-content\/uploads\/world_heritage_list-472x1024.jpg\" alt=\"Liste par &#xE9;tat\" class=\"wp-image-218\" style=\"width:undefinedpx\" srcset=\"https:\/\/www.worldheritage.app\/wp-content\/uploads\/world_heritage_list-472x1024.jpg 472w, https:\/\/www.worldheritage.app\/wp-content\/uploads\/world_heritage_list-138x300.jpg 138w, https:\/\/www.worldheritage.app\/wp-content\/uploads\/world_heritage_list.jpg 645w\" sizes=\"auto, (max-width: 472px) 100vw, 472px\" \/><\/figure>\n<\/div>\n\n\n\n<div class=\"wp-block-column is-layout-flow wp-block-column-is-layout-flow\" style=\"flex-basis:25%\">\n<figure class=\"wp-block-image aligncenter size-large is-resized\"><img loading=\"lazy\" decoding=\"async\" width=\"472\" height=\"1024\" src=\"https:\/\/www.worldheritage.app\/wp-content\/uploads\/world_heritage_map-472x1024.jpg\" alt=\"Carte du patrimoine mondial\" class=\"wp-image-215\" style=\"width:undefinedpx\" srcset=\"https:\/\/www.worldheritage.app\/wp-content\/uploads\/world_heritage_map-472x1024.jpg 472w, https:\/\/www.worldheritage.app\/wp-content\/uploads\/world_heritage_map-138x300.jpg 138w, https:\/\/www.worldheritage.app\/wp-content\/uploads\/world_heritage_map.jpg 645w\" sizes=\"auto, (max-width: 472px) 100vw, 472px\" \/><\/figure>\n<\/div>\n\n\n\n<div class=\"wp-block-column is-layout-flow wp-block-column-is-layout-flow\" style=\"flex-basis:25%\">\n<figure class=\"wp-block-image aligncenter size-large is-resized\"><img loading=\"lazy\" decoding=\"async\" width=\"472\" height=\"1024\" src=\"https:\/\/www.worldheritage.app\/wp-content\/uploads\/world_heritage_site-472x1024.jpg\" alt=\"Paris, site du patrimoine mondial\" class=\"wp-image-221\" style=\"width:undefinedpx\" srcset=\"https:\/\/www.worldheritage.app\/wp-content\/uploads\/world_heritage_site-472x1024.jpg 472w, https:\/\/www.worldheritage.app\/wp-content\/uploads\/world_heritage_site-138x300.jpg 138w, https:\/\/www.worldheritage.app\/wp-content\/uploads\/world_heritage_site.jpg 645w\" sizes=\"auto, (max-width: 472px) 100vw, 472px\" \/><\/figure>\n<\/div>\n\n\n\n<div class=\"wp-block-column is-layout-flow wp-block-column-is-layout-flow\" style=\"flex-basis:25%\">\n<figure class=\"wp-block-image aligncenter size-large is-resized\"><img loading=\"lazy\" decoding=\"async\" width=\"472\" height=\"1024\" src=\"https:\/\/www.worldheritage.app\/wp-content\/uploads\/world_heritage_my_info-472x1024.jpg\" alt=\"Mes Infos - Statistiques\" class=\"wp-image-224\" style=\"width:undefinedpx\" srcset=\"https:\/\/www.worldheritage.app\/wp-content\/uploads\/world_heritage_my_info-472x1024.jpg 472w, https:\/\/www.worldheritage.app\/wp-content\/uploads\/world_heritage_my_info-138x300.jpg 138w, https:\/\/www.worldheritage.app\/wp-content\/uploads\/world_heritage_my_info.jpg 645w\" sizes=\"auto, (max-width: 472px) 100vw, 472px\" \/><\/figure>\n<\/div>\n<\/div>\n\n\n\n<div class=\"inherit-container-width wp-block-group is-layout-constrained wp-block-group-is-layout-constrained\">\n<h4 class=\"wp-block-heading has-text-align-center\">Donn\u00e9es hors ligne pour les descriptions et les vignettes<\/h4>\n\n\n\n<h4 class=\"wp-block-heading has-text-align-center\">Langues disponibles : anglais, fran\u00e7ais, espagnol, italien, allemand, japonais, chinois simplifi\u00e9<\/h4>\n<\/div>\n<\/div>\n\n<div class=\"wp-block-group alignfull has-ast-global-color-5-background-color has-background is-layout-constrained wp-container-core-group-is-layout-25e5b1a1 wp-block-group-is-layout-constrained\" id=\"contact\" style=\"padding-top:50px;padding-bottom:50px\">\n<ul class=\"wp-block-social-links aligncenter has-normal-icon-size is-style-logos-only is-nowrap is-layout-flex wp-container-core-social-links-is-layout-65900438 wp-block-social-links-is-layout-flex\"><li class=\"wp-social-link wp-social-link-facebook  wp-block-social-link\"><a href=\"https:\/\/www.facebook.com\/appworldheritage\/\" class=\"wp-block-social-link-anchor\"><svg width=\"24\" height=\"24\" viewBox=\"0 0 24 24\" version=\"1.1\" xmlns=\"http:\/\/www.w3.org\/2000\/svg\" aria-hidden=\"true\" focusable=\"false\"><path d=\"M12 2C6.5 2 2 6.5 2 12c0 5 3.7 9.1 8.4 9.9v-7H7.9V12h2.5V9.8c0-2.5 1.5-3.9 3.8-3.9 1.1 0 2.2.2 2.2.2v2.5h-1.3c-1.2 0-1.6.8-1.6 1.6V12h2.8l-.4 2.9h-2.3v7C18.3 21.1 22 17 22 12c0-5.5-4.5-10-10-10z\"><\/path><\/svg><span class=\"wp-block-social-link-label screen-reader-text\">Facebook<\/span><\/a><\/li>\n\n<li class=\"wp-social-link wp-social-link-twitter  wp-block-social-link\"><a href=\"https:\/\/twitter.com\/appWHeritage\" class=\"wp-block-social-link-anchor\"><svg width=\"24\" height=\"24\" viewBox=\"0 0 24 24\" version=\"1.1\" xmlns=\"http:\/\/www.w3.org\/2000\/svg\" aria-hidden=\"true\" focusable=\"false\"><path d=\"M22.23,5.924c-0.736,0.326-1.527,0.547-2.357,0.646c0.847-0.508,1.498-1.312,1.804-2.27 c-0.793,0.47-1.671,0.812-2.606,0.996C18.324,4.498,17.257,4,16.077,4c-2.266,0-4.103,1.837-4.103,4.103 c0,0.322,0.036,0.635,0.106,0.935C8.67,8.867,5.647,7.234,3.623,4.751C3.27,5.357,3.067,6.062,3.067,6.814 c0,1.424,0.724,2.679,1.825,3.415c-0.673-0.021-1.305-0.206-1.859-0.513c0,0.017,0,0.034,0,0.052c0,1.988,1.414,3.647,3.292,4.023 c-0.344,0.094-0.707,0.144-1.081,0.144c-0.264,0-0.521-0.026-0.772-0.074c0.522,1.63,2.038,2.816,3.833,2.85 c-1.404,1.1-3.174,1.756-5.096,1.756c-0.331,0-0.658-0.019-0.979-0.057c1.816,1.164,3.973,1.843,6.29,1.843 c7.547,0,11.675-6.252,11.675-11.675c0-0.178-0.004-0.355-0.012-0.531C20.985,7.47,21.68,6.747,22.23,5.924z\"><\/path><\/svg><span class=\"wp-block-social-link-label screen-reader-text\">Twitter<\/span><\/a><\/li>\n\n<li class=\"wp-social-link wp-social-link-instagram  wp-block-social-link\"><a href=\"https:\/\/www.instagram.com\/appworldheritage\/\" class=\"wp-block-social-link-anchor\"><svg width=\"24\" height=\"24\" viewBox=\"0 0 24 24\" version=\"1.1\" xmlns=\"http:\/\/www.w3.org\/2000\/svg\" aria-hidden=\"true\" focusable=\"false\"><path d=\"M12,4.622c2.403,0,2.688,0.009,3.637,0.052c0.877,0.04,1.354,0.187,1.671,0.31c0.42,0.163,0.72,0.358,1.035,0.673 c0.315,0.315,0.51,0.615,0.673,1.035c0.123,0.317,0.27,0.794,0.31,1.671c0.043,0.949,0.052,1.234,0.052,3.637 s-0.009,2.688-0.052,3.637c-0.04,0.877-0.187,1.354-0.31,1.671c-0.163,0.42-0.358,0.72-0.673,1.035 c-0.315,0.315-0.615,0.51-1.035,0.673c-0.317,0.123-0.794,0.27-1.671,0.31c-0.949,0.043-1.233,0.052-3.637,0.052 s-2.688-0.009-3.637-0.052c-0.877-0.04-1.354-0.187-1.671-0.31c-0.42-0.163-0.72-0.358-1.035-0.673 c-0.315-0.315-0.51-0.615-0.673-1.035c-0.123-0.317-0.27-0.794-0.31-1.671C4.631,14.688,4.622,14.403,4.622,12 s0.009-2.688,0.052-3.637c0.04-0.877,0.187-1.354,0.31-1.671c0.163-0.42,0.358-0.72,0.673-1.035 c0.315-0.315,0.615-0.51,1.035-0.673c0.317-0.123,0.794-0.27,1.671-0.31C9.312,4.631,9.597,4.622,12,4.622 M12,3 C9.556,3,9.249,3.01,8.289,3.054C7.331,3.098,6.677,3.25,6.105,3.472C5.513,3.702,5.011,4.01,4.511,4.511 c-0.5,0.5-0.808,1.002-1.038,1.594C3.25,6.677,3.098,7.331,3.054,8.289C3.01,9.249,3,9.556,3,12c0,2.444,0.01,2.751,0.054,3.711 c0.044,0.958,0.196,1.612,0.418,2.185c0.23,0.592,0.538,1.094,1.038,1.594c0.5,0.5,1.002,0.808,1.594,1.038 c0.572,0.222,1.227,0.375,2.185,0.418C9.249,20.99,9.556,21,12,21s2.751-0.01,3.711-0.054c0.958-0.044,1.612-0.196,2.185-0.418 c0.592-0.23,1.094-0.538,1.594-1.038c0.5-0.5,0.808-1.002,1.038-1.594c0.222-0.572,0.375-1.227,0.418-2.185 C20.99,14.751,21,14.444,21,12s-0.01-2.751-0.054-3.711c-0.044-0.958-0.196-1.612-0.418-2.185c-0.23-0.592-0.538-1.094-1.038-1.594 c-0.5-0.5-1.002-0.808-1.594-1.038c-0.572-0.222-1.227-0.375-2.185-0.418C14.751,3.01,14.444,3,12,3L12,3z M12,7.378 c-2.552,0-4.622,2.069-4.622,4.622S9.448,16.622,12,16.622s4.622-2.069,4.622-4.622S14.552,7.378,12,7.378z M12,15 c-1.657,0-3-1.343-3-3s1.343-3,3-3s3,1.343,3,3S13.657,15,12,15z M16.804,6.116c-0.596,0-1.08,0.484-1.08,1.08 s0.484,1.08,1.08,1.08c0.596,0,1.08-0.484,1.08-1.08S17.401,6.116,16.804,6.116z\"><\/path><\/svg><span class=\"wp-block-social-link-label screen-reader-text\">Instagram<\/span><\/a><\/li><\/ul>\n<\/div>\n","protected":false},"excerpt":{"rendered":"<p>Fonctionnalit\u00e9s de l&rsquo;App D\u00e9couvrez l\u2019ensemble des 1248 sites culturels et naturels inscrits au patrimoine mondial de l\u2019Unesco, dont ceux inscrits en juillet 2025. Application mobile gratuite pour t\u00e9l\u00e9phone et tablette Disponible pour iPhone, iPad Disponible pour t\u00e9l\u00e9phones et tablettes Android La Liste D\u00e9couvrez la liste du Patrimoine Mondial de l&rsquo;UNESCO : Information sur chaque site [&hellip;]<\/p>\n","protected":false},"author":1,"featured_media":0,"parent":0,"menu_order":0,"comment_status":"closed","ping_status":"closed","template":"","meta":{"site-sidebar-layout":"no-sidebar","site-content-layout":"plain-container","ast-site-content-layout":"normal-width-container","site-content-style":"unboxed","site-sidebar-style":"unboxed","ast-global-header-display":"","ast-banner-title-visibility":"","ast-main-header-display":"","ast-hfb-above-header-display":"","ast-hfb-below-header-display":"","ast-hfb-mobile-header-display":"","site-post-title":"disabled","ast-breadcrumbs-content":"","ast-featured-img":"","footer-sml-layout":"","ast-disable-related-posts":"","theme-transparent-header-meta":"enabled","adv-header-id-meta":"","stick-header-meta":"","header-above-stick-meta":"","header-main-stick-meta":"","header-below-stick-meta":"","astra-migrate-meta-layouts":"default","ast-page-background-enabled":"default","ast-page-background-meta":{"desktop":{"background-color":"var(--ast-global-color-4)","background-image":"","background-repeat":"repeat","background-position":"center center","background-size":"auto","background-attachment":"scroll","background-type":"","background-media":"","overlay-type":"","overlay-color":"","overlay-opacity":"","overlay-gradient":""},"tablet":{"background-color":"","background-image":"","background-repeat":"repeat","background-position":"center center","background-size":"auto","background-attachment":"scroll","background-type":"","background-media":"","overlay-type":"","overlay-color":"","overlay-opacity":"","overlay-gradient":""},"mobile":{"background-color":"","background-image":"","background-repeat":"repeat","background-position":"center center","background-size":"auto","background-attachment":"scroll","background-type":"","background-media":"","overlay-type":"","overlay-color":"","overlay-opacity":"","overlay-gradient":""}},"ast-content-background-meta":{"desktop":{"background-color":"var(--ast-global-color-5)","background-image":"","background-repeat":"repeat","background-position":"center center","background-size":"auto","background-attachment":"scroll","background-type":"","background-media":"","overlay-type":"","overlay-color":"","overlay-opacity":"","overlay-gradient":""},"tablet":{"background-color":"var(--ast-global-color-5)","background-image":"","background-repeat":"repeat","background-position":"center center","background-size":"auto","background-attachment":"scroll","background-type":"","background-media":"","overlay-type":"","overlay-color":"","overlay-opacity":"","overlay-gradient":""},"mobile":{"background-color":"var(--ast-global-color-5)","background-image":"","background-repeat":"repeat","background-position":"center center","background-size":"auto","background-attachment":"scroll","background-type":"","background-media":"","overlay-type":"","overlay-color":"","overlay-opacity":"","overlay-gradient":""}},"footnotes":""},"class_list":["post-130","page","type-page","status-publish","hentry"],"yoast_head":"<!-- This site is optimized with the Yoast SEO plugin v27.4 - https:\/\/yoast.com\/product\/yoast-seo-wordpress\/ -->\n<title>World Heritage App \u2013 Explorer et suivre les sites du patrimoine mondial de l\u2019UNESCO<\/title>\n<meta name=\"description\" content=\"Explorez les 1248 sites du patrimoine mondial de l\u2019UNESCO et la liste indicative. L\u2019application pour d\u00e9couvrir et suivre les sites UNESCO. Gratuit sur iOS et Android.\" \/>\n<meta name=\"robots\" content=\"index, follow, max-snippet:-1, max-image-preview:large, max-video-preview:-1\" \/>\n<link rel=\"canonical\" href=\"https:\/\/www.worldheritage.app\/fr\/\" \/>\n<meta property=\"og:locale\" content=\"fr_FR\" \/>\n<meta property=\"og:type\" content=\"article\" \/>\n<meta property=\"og:title\" content=\"World Heritage App \u2013 Explorer et suivre les sites du patrimoine mondial de l\u2019UNESCO\" \/>\n<meta property=\"og:description\" content=\"Explorez les 1248 sites du patrimoine mondial de l\u2019UNESCO et la liste indicative. L\u2019application pour d\u00e9couvrir et suivre les sites UNESCO. Gratuit sur iOS et Android.\" \/>\n<meta property=\"og:url\" content=\"https:\/\/www.worldheritage.app\/fr\/\" \/>\n<meta property=\"og:site_name\" content=\"App World Heritage\" \/>\n<meta property=\"article:modified_time\" content=\"2026-03-13T21:13:55+00:00\" \/>\n<meta property=\"og:image\" content=\"https:\/\/www.worldheritage.app\/wp-content\/uploads\/machu_picchu_peru.jpg\" \/>\n\t<meta property=\"og:image:width\" content=\"1200\" \/>\n\t<meta property=\"og:image:height\" content=\"800\" \/>\n\t<meta property=\"og:image:type\" content=\"image\/jpeg\" \/>\n<meta name=\"twitter:card\" content=\"summary_large_image\" \/>\n<meta name=\"twitter:label1\" content=\"Dur\u00e9e de lecture estim\u00e9e\" \/>\n\t<meta name=\"twitter:data1\" content=\"2 minutes\" \/>\n<script type=\"application\/ld+json\" class=\"yoast-schema-graph\">{\"@context\":\"https:\\\/\\\/schema.org\",\"@graph\":[{\"@type\":\"WebPage\",\"@id\":\"https:\\\/\\\/www.worldheritage.app\\\/fr\\\/\",\"url\":\"https:\\\/\\\/www.worldheritage.app\\\/fr\\\/\",\"name\":\"World Heritage App \u2013 Explorer et suivre les sites du patrimoine mondial de l\u2019UNESCO\",\"isPartOf\":{\"@id\":\"https:\\\/\\\/www.worldheritage.app\\\/fr\\\/#website\"},\"primaryImageOfPage\":{\"@id\":\"https:\\\/\\\/www.worldheritage.app\\\/fr\\\/#primaryimage\"},\"image\":{\"@id\":\"https:\\\/\\\/www.worldheritage.app\\\/fr\\\/#primaryimage\"},\"thumbnailUrl\":\"https:\\\/\\\/www.worldheritage.app\\\/wp-content\\\/uploads\\\/machu_picchu_peru.jpg\",\"datePublished\":\"2023-04-27T19:06:52+00:00\",\"dateModified\":\"2026-03-13T21:13:55+00:00\",\"description\":\"Explorez les 1248 sites du patrimoine mondial de l\u2019UNESCO et la liste indicative. L\u2019application pour d\u00e9couvrir et suivre les sites UNESCO. Gratuit sur iOS et Android.\",\"breadcrumb\":{\"@id\":\"https:\\\/\\\/www.worldheritage.app\\\/fr\\\/#breadcrumb\"},\"inLanguage\":\"fr-FR\",\"potentialAction\":[{\"@type\":\"ReadAction\",\"target\":[\"https:\\\/\\\/www.worldheritage.app\\\/fr\\\/\"]}]},{\"@type\":\"ImageObject\",\"inLanguage\":\"fr-FR\",\"@id\":\"https:\\\/\\\/www.worldheritage.app\\\/fr\\\/#primaryimage\",\"url\":\"https:\\\/\\\/www.worldheritage.app\\\/wp-content\\\/uploads\\\/machu_picchu_peru.jpg\",\"contentUrl\":\"https:\\\/\\\/www.worldheritage.app\\\/wp-content\\\/uploads\\\/machu_picchu_peru.jpg\"},{\"@type\":\"BreadcrumbList\",\"@id\":\"https:\\\/\\\/www.worldheritage.app\\\/fr\\\/#breadcrumb\",\"itemListElement\":[{\"@type\":\"ListItem\",\"position\":1,\"name\":\"Home\",\"item\":\"https:\\\/\\\/www.worldheritage.app\\\/fr\\\/\"},{\"@type\":\"ListItem\",\"position\":2,\"name\":\"Accueil\"}]},{\"@type\":\"WebSite\",\"@id\":\"https:\\\/\\\/www.worldheritage.app\\\/fr\\\/#website\",\"url\":\"https:\\\/\\\/www.worldheritage.app\\\/fr\\\/\",\"name\":\"App World Heritage\",\"description\":\"\",\"potentialAction\":[{\"@type\":\"SearchAction\",\"target\":{\"@type\":\"EntryPoint\",\"urlTemplate\":\"https:\\\/\\\/www.worldheritage.app\\\/fr\\\/?s={search_term_string}\"},\"query-input\":{\"@type\":\"PropertyValueSpecification\",\"valueRequired\":true,\"valueName\":\"search_term_string\"}}],\"inLanguage\":\"fr-FR\"}]}<\/script>\n<!-- \/ Yoast SEO plugin. -->","yoast_head_json":{"title":"World Heritage App \u2013 Explorer et suivre les sites du patrimoine mondial de l\u2019UNESCO","description":"Explorez les 1248 sites du patrimoine mondial de l\u2019UNESCO et la liste indicative. L\u2019application pour d\u00e9couvrir et suivre les sites UNESCO. Gratuit sur iOS et Android.","robots":{"index":"index","follow":"follow","max-snippet":"max-snippet:-1","max-image-preview":"max-image-preview:large","max-video-preview":"max-video-preview:-1"},"canonical":"https:\/\/www.worldheritage.app\/fr\/","og_locale":"fr_FR","og_type":"article","og_title":"World Heritage App \u2013 Explorer et suivre les sites du patrimoine mondial de l\u2019UNESCO","og_description":"Explorez les 1248 sites du patrimoine mondial de l\u2019UNESCO et la liste indicative. L\u2019application pour d\u00e9couvrir et suivre les sites UNESCO. Gratuit sur iOS et Android.","og_url":"https:\/\/www.worldheritage.app\/fr\/","og_site_name":"App World Heritage","article_modified_time":"2026-03-13T21:13:55+00:00","og_image":[{"width":1200,"height":800,"url":"https:\/\/www.worldheritage.app\/wp-content\/uploads\/machu_picchu_peru.jpg","type":"image\/jpeg"}],"twitter_card":"summary_large_image","twitter_misc":{"Dur\u00e9e de lecture estim\u00e9e":"2 minutes"},"schema":{"@context":"https:\/\/schema.org","@graph":[{"@type":"WebPage","@id":"https:\/\/www.worldheritage.app\/fr\/","url":"https:\/\/www.worldheritage.app\/fr\/","name":"World Heritage App \u2013 Explorer et suivre les sites du patrimoine mondial de l\u2019UNESCO","isPartOf":{"@id":"https:\/\/www.worldheritage.app\/fr\/#website"},"primaryImageOfPage":{"@id":"https:\/\/www.worldheritage.app\/fr\/#primaryimage"},"image":{"@id":"https:\/\/www.worldheritage.app\/fr\/#primaryimage"},"thumbnailUrl":"https:\/\/www.worldheritage.app\/wp-content\/uploads\/machu_picchu_peru.jpg","datePublished":"2023-04-27T19:06:52+00:00","dateModified":"2026-03-13T21:13:55+00:00","description":"Explorez les 1248 sites du patrimoine mondial de l\u2019UNESCO et la liste indicative. L\u2019application pour d\u00e9couvrir et suivre les sites UNESCO. Gratuit sur iOS et Android.","breadcrumb":{"@id":"https:\/\/www.worldheritage.app\/fr\/#breadcrumb"},"inLanguage":"fr-FR","potentialAction":[{"@type":"ReadAction","target":["https:\/\/www.worldheritage.app\/fr\/"]}]},{"@type":"ImageObject","inLanguage":"fr-FR","@id":"https:\/\/www.worldheritage.app\/fr\/#primaryimage","url":"https:\/\/www.worldheritage.app\/wp-content\/uploads\/machu_picchu_peru.jpg","contentUrl":"https:\/\/www.worldheritage.app\/wp-content\/uploads\/machu_picchu_peru.jpg"},{"@type":"BreadcrumbList","@id":"https:\/\/www.worldheritage.app\/fr\/#breadcrumb","itemListElement":[{"@type":"ListItem","position":1,"name":"Home","item":"https:\/\/www.worldheritage.app\/fr\/"},{"@type":"ListItem","position":2,"name":"Accueil"}]},{"@type":"WebSite","@id":"https:\/\/www.worldheritage.app\/fr\/#website","url":"https:\/\/www.worldheritage.app\/fr\/","name":"App World Heritage","description":"","potentialAction":[{"@type":"SearchAction","target":{"@type":"EntryPoint","urlTemplate":"https:\/\/www.worldheritage.app\/fr\/?s={search_term_string}"},"query-input":{"@type":"PropertyValueSpecification","valueRequired":true,"valueName":"search_term_string"}}],"inLanguage":"fr-FR"}]}},"_links":{"self":[{"href":"https:\/\/www.worldheritage.app\/fr\/wp-json\/wp\/v2\/pages\/130","targetHints":{"allow":["GET"]}}],"collection":[{"href":"https:\/\/www.worldheritage.app\/fr\/wp-json\/wp\/v2\/pages"}],"about":[{"href":"https:\/\/www.worldheritage.app\/fr\/wp-json\/wp\/v2\/types\/page"}],"author":[{"embeddable":true,"href":"https:\/\/www.worldheritage.app\/fr\/wp-json\/wp\/v2\/users\/1"}],"replies":[{"embeddable":true,"href":"https:\/\/www.worldheritage.app\/fr\/wp-json\/wp\/v2\/comments?post=130"}],"version-history":[{"count":26,"href":"https:\/\/www.worldheritage.app\/fr\/wp-json\/wp\/v2\/pages\/130\/revisions"}],"predecessor-version":[{"id":422,"href":"https:\/\/www.worldheritage.app\/fr\/wp-json\/wp\/v2\/pages\/130\/revisions\/422"}],"wp:attachment":[{"href":"https:\/\/www.worldheritage.app\/fr\/wp-json\/wp\/v2\/media?parent=130"}],"curies":[{"name":"wp","href":"https:\/\/api.w.org\/{rel}","templated":true}]}}